{"id":7,"date":"2022-05-03T19:10:00","date_gmt":"2022-05-03T19:10:00","guid":{"rendered":"https:\/\/www.jenesuisquepriere.org\/?page_id=7"},"modified":"2023-08-13T10:12:37","modified_gmt":"2023-08-13T10:12:37","slug":"et-moi-je-ne-suis-que-priere-2","status":"publish","type":"page","link":"https:\/\/www.jenesuisquepriere.org\/","title":{"rendered":"Et Moi je ne suis que pri\u00e8re"},"content":{"rendered":"\t\t<div data-elementor-type=\"wp-post\" data-elementor-id=\"7\" class=\"elementor elementor-7\" data-elementor-post-type=\"page\">\n\t\t\t\t\t\t\t\t\t<section class=\"elementor-section elementor-top-section elementor-element elementor-element-2ed13d60 elementor-section-height-min-height elementor-section-full_width elementor-section-height-default elementor-section-items-middle\" data-id=\"2ed13d60\" data-element_type=\"section\">\n\t\t\t\t\t\t<div class=\"elementor-container elementor-column-gap-default\">\n\t\t\t\t\t<div class=\"elementor-column elementor-col-100 elementor-top-column elementor-element elementor-element-0f078c4\" data-id=\"0f078c4\" data-element_type=\"column\">\n\t\t\t<div class=\"elementor-widget-wrap elementor-element-populated\">\n\t\t\t\t\t\t\t\t<div class=\"elementor-element elementor-element-9c19e2c elementor-widget elementor-widget-heading\" data-id=\"9c19e2c\" data-element_type=\"widget\" data-widget_type=\"heading.default\">\n\t\t\t\t<div class=\"elementor-widget-container\">\n\t\t\t<style>\/*! elementor - v3.15.0 - 09-08-2023 *\/\n.elementor-heading-title{padding:0;margin:0;line-height:1}.elementor-widget-heading .elementor-heading-title[class*=elementor-size-]>a{color:inherit;font-size:inherit;line-height:inherit}.elementor-widget-heading .elementor-heading-title.elementor-size-small{font-size:15px}.elementor-widget-heading .elementor-heading-title.elementor-size-medium{font-size:19px}.elementor-widget-heading .elementor-heading-title.elementor-size-large{font-size:29px}.elementor-widget-heading .elementor-heading-title.elementor-size-xl{font-size:39px}.elementor-widget-heading .elementor-heading-title.elementor-size-xxl{font-size:59px}<\/style><h1 class=\"elementor-heading-title elementor-size-default\">Et Moi  je ne suis que pri\u00e8re<\/h1>\t\t<\/div>\n\t\t\t\t<\/div>\n\t\t\t\t<div class=\"elementor-element elementor-element-9781537 elementor-widget elementor-widget-text-editor\" data-id=\"9781537\" data-element_type=\"widget\" data-widget_type=\"text-editor.default\">\n\t\t\t\t<div class=\"elementor-widget-container\">\n\t\t\t<style>\/*! elementor - v3.15.0 - 09-08-2023 *\/\n.elementor-widget-text-editor.elementor-drop-cap-view-stacked .elementor-drop-cap{background-color:#69727d;color:#fff}.elementor-widget-text-editor.elementor-drop-cap-view-framed .elementor-drop-cap{color:#69727d;border:3px solid;background-color:transparent}.elementor-widget-text-editor:not(.elementor-drop-cap-view-default) .elementor-drop-cap{margin-top:8px}.elementor-widget-text-editor:not(.elementor-drop-cap-view-default) .elementor-drop-cap-letter{width:1em;height:1em}.elementor-widget-text-editor .elementor-drop-cap{float:left;text-align:center;line-height:1;font-size:50px}.elementor-widget-text-editor .elementor-drop-cap-letter{display:inline-block}<\/style>\t\t\t\t<p>La puissance des T\u00e9hilim et histoires authentiques de miracles racont\u00e9es par des personnes qui les ont v\u00e9cus gr\u00e2ce \u00e0 la lecture des Psaumes<\/p>\t\t\t\t\t\t<\/div>\n\t\t\t\t<\/div>\n\t\t\t\t<div class=\"elementor-element elementor-element-b3689c0 elementor-widget elementor-widget-image\" data-id=\"b3689c0\" data-element_type=\"widget\" data-widget_type=\"image.default\">\n\t\t\t\t<div class=\"elementor-widget-container\">\n\t\t\t<style>\/*! elementor - v3.15.0 - 09-08-2023 *\/\n.elementor-widget-image{text-align:center}.elementor-widget-image a{display:inline-block}.elementor-widget-image a img[src$=\".svg\"]{width:48px}.elementor-widget-image img{vertical-align:middle;display:inline-block}<\/style>\t\t\t\t\t\t\t\t\t\t\t\t<img loading=\"lazy\" decoding=\"async\" width=\"1510\" height=\"844\" src=\"https:\/\/www.jenesuisquepriere.org\/wp-content\/uploads\/2022\/05\/Et-moi-je-suis-que-priere.png\" class=\"attachment-full size-full wp-image-27\" alt=\"\" srcset=\"https:\/\/www.jenesuisquepriere.org\/wp-content\/uploads\/2022\/05\/Et-moi-je-suis-que-priere.png 1510w, https:\/\/www.jenesuisquepriere.org\/wp-content\/uploads\/2022\/05\/Et-moi-je-suis-que-priere-300x168.png 300w, https:\/\/www.jenesuisquepriere.org\/wp-content\/uploads\/2022\/05\/Et-moi-je-suis-que-priere-1024x572.png 1024w, https:\/\/www.jenesuisquepriere.org\/wp-content\/uploads\/2022\/05\/Et-moi-je-suis-que-priere-768x429.png 768w\" sizes=\"auto, (max-width: 1510px) 100vw, 1510px\" \/>\t\t\t\t\t\t\t\t\t\t\t\t\t\t\t<\/div>\n\t\t\t\t<\/div>\n\t\t\t\t\t<\/div>\n\t\t<\/div>\n\t\t\t\t\t\t\t<\/div>\n\t\t<\/section>\n\t\t\t\t<section class=\"elementor-section elementor-top-section elementor-element elementor-element-356e132 elementor-section-boxed elementor-section-height-default elementor-section-height-default\" data-id=\"356e132\" data-element_type=\"section\">\n\t\t\t\t\t\t<div class=\"elementor-container elementor-column-gap-default\">\n\t\t\t\t\t<div class=\"elementor-column elementor-col-100 elementor-top-column elementor-element elementor-element-0a0dc9c\" data-id=\"0a0dc9c\" data-element_type=\"column\">\n\t\t\t<div class=\"elementor-widget-wrap elementor-element-populated\">\n\t\t\t\t\t\t\t\t<div class=\"elementor-element elementor-element-7b7fca8 elementor-align-justify elementor-widget elementor-widget-button\" data-id=\"7b7fca8\" data-element_type=\"widget\" data-widget_type=\"button.default\">\n\t\t\t\t<div class=\"elementor-widget-container\">\n\t\t\t\t\t<div class=\"elementor-button-wrapper\">\n\t\t\t<a class=\"elementor-button elementor-button-link elementor-size-sm\" href=\"https:\/\/www.jenesuisquepriere.org\/wp-content\/uploads\/2022\/05\/LIVRE-TEHILIM-VERSION-DIGITALE-TOME-1.pdf\" download=\"\">\n\t\t\t\t\t\t<span class=\"elementor-button-content-wrapper\">\n\t\t\t\t\t\t<span class=\"elementor-button-icon elementor-align-icon-left\">\n\t\t\t\t<i aria-hidden=\"true\" class=\"far fa-arrow-alt-circle-down\"><\/i>\t\t\t<\/span>\n\t\t\t\t\t\t<span class=\"elementor-button-text\">T\u00e9l\u00e9charger gratuitement le Tome 1 <\/span>\n\t\t<\/span>\n\t\t\t\t\t<\/a>\n\t\t<\/div>\n\t\t\t\t<\/div>\n\t\t\t\t<\/div>\n\t\t\t\t<div class=\"elementor-element elementor-element-502488a elementor-align-justify elementor-widget elementor-widget-button\" data-id=\"502488a\" data-element_type=\"widget\" data-widget_type=\"button.default\">\n\t\t\t\t<div class=\"elementor-widget-container\">\n\t\t\t\t\t<div class=\"elementor-button-wrapper\">\n\t\t\t<a class=\"elementor-button elementor-button-link elementor-size-sm\" href=\"https:\/\/www.jenesuisquepriere.org\/wp-content\/uploads\/2022\/05\/LA-FORCE-DE-LA-PRIERE-TOME-2-VESION-DIGITALE.pdf\" download=\"\">\n\t\t\t\t\t\t<span class=\"elementor-button-content-wrapper\">\n\t\t\t\t\t\t<span class=\"elementor-button-icon elementor-align-icon-left\">\n\t\t\t\t<i aria-hidden=\"true\" class=\"far fa-arrow-alt-circle-down\"><\/i>\t\t\t<\/span>\n\t\t\t\t\t\t<span class=\"elementor-button-text\">T\u00e9l\u00e9charger gratuitement le Tome 2<\/span>\n\t\t<\/span>\n\t\t\t\t\t<\/a>\n\t\t<\/div>\n\t\t\t\t<\/div>\n\t\t\t\t<\/div>\n\t\t\t\t<div class=\"elementor-element elementor-element-e688380 elementor-align-justify elementor-widget elementor-widget-button\" data-id=\"e688380\" data-element_type=\"widget\" data-widget_type=\"button.default\">\n\t\t\t\t<div class=\"elementor-widget-container\">\n\t\t\t\t\t<div class=\"elementor-button-wrapper\">\n\t\t\t<a class=\"elementor-button elementor-button-link elementor-size-sm\" href=\"https:\/\/www.jenesuisquepriere.org\/wp-content\/uploads\/2022\/05\/TOME-3-VERSION-DIGITALE.pdf\" download=\"\">\n\t\t\t\t\t\t<span class=\"elementor-button-content-wrapper\">\n\t\t\t\t\t\t<span class=\"elementor-button-icon elementor-align-icon-left\">\n\t\t\t\t<i aria-hidden=\"true\" class=\"far fa-arrow-alt-circle-down\"><\/i>\t\t\t<\/span>\n\t\t\t\t\t\t<span class=\"elementor-button-text\">T\u00e9l\u00e9charger gratuitement le Tome 3<\/span>\n\t\t<\/span>\n\t\t\t\t\t<\/a>\n\t\t<\/div>\n\t\t\t\t<\/div>\n\t\t\t\t<\/div>\n\t\t\t\t<div class=\"elementor-element elementor-element-da35bf7 elementor-widget elementor-widget-heading\" data-id=\"da35bf7\" data-element_type=\"widget\" data-widget_type=\"heading.default\">\n\t\t\t\t<div class=\"elementor-widget-container\">\n\t\t\t<h2 class=\"elementor-heading-title elementor-size-default\">Merci Hachem<\/h2>\t\t<\/div>\n\t\t\t\t<\/div>\n\t\t\t\t<div class=\"elementor-element elementor-element-cfb6ee3 elementor-widget elementor-widget-text-editor\" data-id=\"cfb6ee3\" data-element_type=\"widget\" data-widget_type=\"text-editor.default\">\n\t\t\t\t<div class=\"elementor-widget-container\">\n\t\t\t\t\t\t\t<p>Ces derni\u00e8res ann\u00e9es, ma vie a connu quelques p\u00e9rip\u00e9ties. J&rsquo;ai alors d\u00e9couvert une autre face de la Torah et de Hachem. J&rsquo;ai surtout compris que les \u00e9preuves n&rsquo;\u00e9taient pas une punition (bien que hass vechalom nous ne demandons pas d&rsquo;\u00e9preuves dans la vie). C&rsquo;est souvent un appel d&rsquo;Hachem pour nous aider \u00e0 nous rapprocher de Lui, \u00e0 grandir, \u00e0 changer, \u00e0 nous construire et \u00e0 d\u00e9velopper le potentiel que Hachem a mis en chacun d&rsquo;entre nous pour accomplir notre mission sur terre. Les T\u00e9hilim ont \u00e9t\u00e9 pour moi une aide vitale et j&rsquo;ai vu des miracles Barouh Hachem. Je pense que les gens ne sont pas vraiment conscients de l&rsquo;immense pouvoir des T\u00e9hilim et c&rsquo;est pour cela que j&rsquo;ai pris sur moi l&rsquo;initiative de publier ce livre qui est un recueil d&rsquo;histoires authentiques racont\u00e9es par des personnes qui ont v\u00e9cu des miracles gr\u00e2ce \u00e0 la lecture des Psaumes. C&rsquo;est ma fa\u00e7on \u00e0 moi de dire merci \u00e0 Hachem et \u00e0 David Hameleh. J&rsquo;esp\u00e8re que chaque personne qui lira ces histoires reprendra confiance en la vie, et saura que Hachem nous aime et que Sa seule volont\u00e9 est de nous faire du bien. Nous devons croire en Son immense Rahamim (mis\u00e9ricorde).<\/p><p>Je tiens \u00e0 remercier de tout mon coeur mes tr\u00e8s chers parents Yossef Claude et Jocelyne Diamanti pour tout l&rsquo;amour, le soutien et le d\u00e9vouement dont ils ont toujours fait preuve. Merci Hachem de m&rsquo;avoir donn\u00e9 de merveilleux parents toujours pr\u00e9sents et aimants. Puisse Hachem vous donner une belle et longue vie heureuse, pleine de joies, de sant\u00e9 et de satisfaction. Amen.<\/p><p>Merci \u00e0 mes fr\u00e8re et soeurs, beaux fr\u00e8res, belle soeur, neveux et ni\u00e8ces et toute ma famille pour votre amour, votre aide et votre implication. Que Hachem fasse que nous soyons toujours unis, soud\u00e9s et empress\u00e9s pour faire des mitsvot avec amour pour notre prochain. Amen<br \/>Un immense merci \u00e0 Alegria et \u00e0 Hannah, deux personnes au coeur magnifique que j&rsquo;ai rencontr\u00e9es \u00e0 Ouman et qui m&rsquo;ont apport\u00e9 une aide pr\u00e9cieuse dans la relecture de cet ouvrage. Merci Hachem de vous avoir mises sur mon chemin et de m&rsquo;avoir donn\u00e9 le m\u00e9rite de vous connaitre et d&rsquo;apprendre de vos merveilleuses midot. Que Hachem vous comble de bienfaits \u00e0 vous et vos familles. Amen.<br \/>Merci \u00e0 David et Ruth Levy pour la relecture et pour toute votre aide. Que Hachem vous g\u00e2te des meilleurs cadeaux et vous donne \u00e0 vous et votre famille beaucoup de bonheur et que vous puissiez voir vos enfants et toutes votre descendance grandir dans le chemin de la Torah, des mitsvot et des Maassim Tovim. Amen.<\/p><p>Merci \u00e0 Levana Dreyfuss bat Gabrielle Stella ainsi qu&rsquo;\u00e0 Yvette Amsellem, Etty Amsellem, Michel-Meier Abihsira et d&rsquo;autres personnes ayant souhait\u00e9 garder l&rsquo;anonymat pour leur g\u00e9n\u00e9reuse contribution pour la publication de cet ouvrage. Puisse Hachem vous exaucer vos d\u00e9sirs les plus chers dans la joie, le bonheur et la sant\u00e9. Amen<br \/>Je remercie toutes les merveilleuses personnes qui croisent ma route tous les jours. Chaque personne est un monde. Nous avons tant \u00e0 apprendre de tous ceux qui nous entourent ou qui passent, m\u00eame un instant furtif, sur notre chemin.<br \/>Que nous ayons tr\u00e8s rapidement la joie et le m\u00e9rite d&rsquo;accueillir le Machiah dans l&rsquo;union, l&rsquo;amour et le respect les uns des autres. Amen<\/p><p style=\"text-align: right\">Bonne Lecture ! Rachel<\/p>\t\t\t\t\t\t<\/div>\n\t\t\t\t<\/div>\n\t\t\t\t\t<\/div>\n\t\t<\/div>\n\t\t\t\t\t\t\t<\/div>\n\t\t<\/section>\n\t\t\t\t<section class=\"elementor-section elementor-top-section elementor-element elementor-element-6908abbd elementor-section-height-min-height elementor-section-content-middle elementor-section-boxed elementor-section-height-default elementor-section-items-middle\" data-id=\"6908abbd\" data-element_type=\"section\" data-settings=\"{&quot;background_background&quot;:&quot;classic&quot;}\">\n\t\t\t\t\t\t\t<div class=\"elementor-background-overlay\"><\/div>\n\t\t\t\t\t\t\t<div class=\"elementor-container elementor-column-gap-default\">\n\t\t\t\t\t<div class=\"elementor-column elementor-col-100 elementor-top-column elementor-element elementor-element-32e03e29\" data-id=\"32e03e29\" data-element_type=\"column\">\n\t\t\t<div class=\"elementor-widget-wrap elementor-element-populated\">\n\t\t\t\t\t\t\t\t<div class=\"elementor-element elementor-element-3db9f43e elementor-widget elementor-widget-heading\" data-id=\"3db9f43e\" data-element_type=\"widget\" data-widget_type=\"heading.default\">\n\t\t\t\t<div class=\"elementor-widget-container\">\n\t\t\t<h5 class=\"elementor-heading-title elementor-size-default\">leilouy nichmat<\/h5>\t\t<\/div>\n\t\t\t\t<\/div>\n\t\t\t\t<div class=\"elementor-element elementor-element-67269b70 elementor-widget elementor-widget-heading\" data-id=\"67269b70\" data-element_type=\"widget\" data-widget_type=\"heading.default\">\n\t\t\t\t<div class=\"elementor-widget-container\">\n\t\t\t<h2 class=\"elementor-heading-title elementor-size-default\">leilouy nichmat mon papa\nYossef ben Reinou Sultana<\/h2>\t\t<\/div>\n\t\t\t\t<\/div>\n\t\t\t\t<div class=\"elementor-element elementor-element-71325217 elementor-widget elementor-widget-text-editor\" data-id=\"71325217\" data-element_type=\"widget\" data-widget_type=\"text-editor.default\">\n\t\t\t\t<div class=\"elementor-widget-container\">\n\t\t\t\t\t\t\t<p>Si vous aussi, vous avez v\u00e9cu un miracle gr\u00e2ce aux T\u00e9hilim je vous invite \u00e0 le partager avec d&rsquo;autres lecteurs en m&rsquo;envoyant votre histoire par mail: rashoo1982@gmail.com ou par what&rsquo;s ap: +972 58-5444323 | 0585444323. L&rsquo;histoire sera publi\u00e9e beezrat Hachem dans un prochain livre.<br \/>Ce livre est distribu\u00e9 gratuitement l\u00e9zikouy Arabim (diffusion de la Torah au public). Si vous voulez recevoir la version digitale de ce livre, envoyez moi un mail \u00e0 l&rsquo;adresse mail ci-dessus.<br \/><br \/>Ce site est pay\u00e9 par un g\u00e9n\u00e9reux donateur, fait par <a href=\"https:\/\/textone.fr\/\">TextOne.<\/a><br \/><a href=\"https:\/\/www.securitewp.com\/refonte-site\/\">Site s\u00e9curis\u00e9 par WordPress S\u00e9curit\u00e9\u00a0<\/a><\/p>\t\t\t\t\t\t<\/div>\n\t\t\t\t<\/div>\n\t\t\t\t<div class=\"elementor-element elementor-element-388fbe7d elementor-widget elementor-widget-button\" data-id=\"388fbe7d\" data-element_type=\"widget\" data-widget_type=\"button.default\">\n\t\t\t\t<div class=\"elementor-widget-container\">\n\t\t\t\t\t<div class=\"elementor-button-wrapper\">\n\t\t\t<a class=\"elementor-button elementor-button-link elementor-size-sm elementor-animation-grow\" href=\"https:\/\/www.jenesuisquepriere.org\/wp-content\/uploads\/2022\/05\/LIVRE-TEHILIM-VERSION-DIGITALE-TOME-1.pdf\">\n\t\t\t\t\t\t<span class=\"elementor-button-content-wrapper\">\n\t\t\t\t\t\t<span class=\"elementor-button-text\">T\u00e9l\u00e9charger Tome 1<\/span>\n\t\t<\/span>\n\t\t\t\t\t<\/a>\n\t\t<\/div>\n\t\t\t\t<\/div>\n\t\t\t\t<\/div>\n\t\t\t\t\t<\/div>\n\t\t<\/div>\n\t\t\t\t\t\t\t<\/div>\n\t\t<\/section>\n\t\t\t\t<section class=\"elementor-section elementor-top-section elementor-element elementor-element-463adde elementor-section-boxed elementor-section-height-default elementor-section-height-default\" data-id=\"463adde\" data-element_type=\"section\">\n\t\t\t\t\t\t<div class=\"elementor-container elementor-column-gap-default\">\n\t\t\t\t\t<div class=\"elementor-column elementor-col-100 elementor-top-column elementor-element elementor-element-46c7e02\" data-id=\"46c7e02\" data-element_type=\"column\">\n\t\t\t<div class=\"elementor-widget-wrap\">\n\t\t\t\t\t\t\t\t\t<\/div>\n\t\t<\/div>\n\t\t\t\t\t\t\t<\/div>\n\t\t<\/section>\n\t\t\t\t\t\t\t<\/div>\n\t\t","protected":false},"excerpt":{"rendered":"<p>Et Moi je ne suis que pri\u00e8re La puissance des T\u00e9hilim et histoires authentiques de miracles racont\u00e9es par des personnes qui les ont v\u00e9cus gr\u00e2ce \u00e0 la lecture des Psaumes T\u00e9l\u00e9charger gratuitement le Tome 1 T\u00e9l\u00e9charger gratuitement le Tome 2 T\u00e9l\u00e9charger gratuitement le Tome 3 Merci Hachem Ces derni\u00e8res ann\u00e9es, ma vie a connu quelques [&hellip;]<\/p>\n","protected":false},"author":1,"featured_media":62,"parent":0,"menu_order":0,"comment_status":"closed","ping_status":"closed","template":"elementor_canvas","meta":{"footnotes":""},"class_list":["post-7","page","type-page","status-publish","has-post-thumbnail","hentry"],"yoast_head":"<!-- This site is optimized with the Yoast SEO plugin v20.13 - https:\/\/yoast.com\/wordpress\/plugins\/seo\/ -->\n<title>Et Moi je ne suis que pri\u00e8re - Livre juda\u00efsme gratuit<\/title>\n<meta name=\"description\" content=\"Histoires sur le but de la vie, l&#039;amour gratuit, les effets d\u00e9vastateurs de la dispute, l&#039;importance de ne pas dire de lachon ara.\" \/>\n<meta name=\"robots\" content=\"index, follow, max-snippet:-1, max-image-preview:large, max-video-preview:-1\" \/>\n<link rel=\"canonical\" href=\"https:\/\/www.jenesuisquepriere.org\/\" \/>\n<meta property=\"og:locale\" content=\"fr_FR\" \/>\n<meta property=\"og:type\" content=\"article\" \/>\n<meta property=\"og:title\" content=\"Et Moi je ne suis que pri\u00e8re - Livre juda\u00efsme gratuit\" \/>\n<meta property=\"og:description\" content=\"Histoires sur le but de la vie, l&#039;amour gratuit, les effets d\u00e9vastateurs de la dispute, l&#039;importance de ne pas dire de lachon ara.\" \/>\n<meta property=\"og:url\" content=\"https:\/\/www.jenesuisquepriere.org\/\" \/>\n<meta property=\"og:site_name\" content=\"Et moi je ne suis que pri\u00e8re\" \/>\n<meta property=\"article:modified_time\" content=\"2023-08-13T10:12:37+00:00\" \/>\n<meta property=\"og:image\" content=\"https:\/\/www.jenesuisquepriere.org\/wp-content\/uploads\/2022\/05\/et-moi-je-ne-suis-que-priere-1-scaled.jpg\" \/>\n\t<meta property=\"og:image:width\" content=\"2107\" \/>\n\t<meta property=\"og:image:height\" content=\"2560\" \/>\n\t<meta property=\"og:image:type\" content=\"image\/jpeg\" \/>\n<meta name=\"twitter:card\" content=\"summary_large_image\" \/>\n<meta name=\"twitter:label1\" content=\"Dur\u00e9e de lecture estim\u00e9e\" \/>\n\t<meta name=\"twitter:data1\" content=\"4 minutes\" \/>\n<script type=\"application\/ld+json\" class=\"yoast-schema-graph\">{\"@context\":\"https:\/\/schema.org\",\"@graph\":[{\"@type\":\"WebPage\",\"@id\":\"https:\/\/www.jenesuisquepriere.org\/\",\"url\":\"https:\/\/www.jenesuisquepriere.org\/\",\"name\":\"Et Moi je ne suis que pri\u00e8re - Livre juda\u00efsme gratuit\",\"isPartOf\":{\"@id\":\"https:\/\/www.jenesuisquepriere.org\/#website\"},\"datePublished\":\"2022-05-03T19:10:00+00:00\",\"dateModified\":\"2023-08-13T10:12:37+00:00\",\"description\":\"Histoires sur le but de la vie, l'amour gratuit, les effets d\u00e9vastateurs de la dispute, l'importance de ne pas dire de lachon ara.\",\"breadcrumb\":{\"@id\":\"https:\/\/www.jenesuisquepriere.org\/#breadcrumb\"},\"inLanguage\":\"fr-FR\",\"potentialAction\":[{\"@type\":\"ReadAction\",\"target\":[\"https:\/\/www.jenesuisquepriere.org\/\"]}]},{\"@type\":\"BreadcrumbList\",\"@id\":\"https:\/\/www.jenesuisquepriere.org\/#breadcrumb\",\"itemListElement\":[{\"@type\":\"ListItem\",\"position\":1,\"name\":\"Accueil\",\"item\":\"https:\/\/www.jenesuisquepriere.org\/\"},{\"@type\":\"ListItem\",\"position\":2,\"name\":\"Et Moi je ne suis que pri\u00e8re\"}]},{\"@type\":\"WebSite\",\"@id\":\"https:\/\/www.jenesuisquepriere.org\/#website\",\"url\":\"https:\/\/www.jenesuisquepriere.org\/\",\"name\":\"Et moi je ne suis que pri\u00e8re\",\"description\":\"La puissance des T&eacute;hilim et histoires authentiques de miracles racont&eacute;es par des personnes qui les ont v&eacute;cus gr&acirc;ce &agrave; la lecture des Psaumes\",\"potentialAction\":[{\"@type\":\"SearchAction\",\"target\":{\"@type\":\"EntryPoint\",\"urlTemplate\":\"https:\/\/www.jenesuisquepriere.org\/?s={search_term_string}\"},\"query-input\":\"required name=search_term_string\"}],\"inLanguage\":\"fr-FR\"}]}<\/script>\n<!-- \/ Yoast SEO plugin. -->","yoast_head_json":{"title":"Et Moi je ne suis que pri\u00e8re - Livre juda\u00efsme gratuit","description":"Histoires sur le but de la vie, l'amour gratuit, les effets d\u00e9vastateurs de la dispute, l'importance de ne pas dire de lachon ara.","robots":{"index":"index","follow":"follow","max-snippet":"max-snippet:-1","max-image-preview":"max-image-preview:large","max-video-preview":"max-video-preview:-1"},"canonical":"https:\/\/www.jenesuisquepriere.org\/","og_locale":"fr_FR","og_type":"article","og_title":"Et Moi je ne suis que pri\u00e8re - Livre juda\u00efsme gratuit","og_description":"Histoires sur le but de la vie, l'amour gratuit, les effets d\u00e9vastateurs de la dispute, l'importance de ne pas dire de lachon ara.","og_url":"https:\/\/www.jenesuisquepriere.org\/","og_site_name":"Et moi je ne suis que pri\u00e8re","article_modified_time":"2023-08-13T10:12:37+00:00","og_image":[{"width":2107,"height":2560,"url":"https:\/\/www.jenesuisquepriere.org\/wp-content\/uploads\/2022\/05\/et-moi-je-ne-suis-que-priere-1-scaled.jpg","type":"image\/jpeg"}],"twitter_card":"summary_large_image","twitter_misc":{"Dur\u00e9e de lecture estim\u00e9e":"4 minutes"},"schema":{"@context":"https:\/\/schema.org","@graph":[{"@type":"WebPage","@id":"https:\/\/www.jenesuisquepriere.org\/","url":"https:\/\/www.jenesuisquepriere.org\/","name":"Et Moi je ne suis que pri\u00e8re - Livre juda\u00efsme gratuit","isPartOf":{"@id":"https:\/\/www.jenesuisquepriere.org\/#website"},"datePublished":"2022-05-03T19:10:00+00:00","dateModified":"2023-08-13T10:12:37+00:00","description":"Histoires sur le but de la vie, l'amour gratuit, les effets d\u00e9vastateurs de la dispute, l'importance de ne pas dire de lachon ara.","breadcrumb":{"@id":"https:\/\/www.jenesuisquepriere.org\/#breadcrumb"},"inLanguage":"fr-FR","potentialAction":[{"@type":"ReadAction","target":["https:\/\/www.jenesuisquepriere.org\/"]}]},{"@type":"BreadcrumbList","@id":"https:\/\/www.jenesuisquepriere.org\/#breadcrumb","itemListElement":[{"@type":"ListItem","position":1,"name":"Accueil","item":"https:\/\/www.jenesuisquepriere.org\/"},{"@type":"ListItem","position":2,"name":"Et Moi je ne suis que pri\u00e8re"}]},{"@type":"WebSite","@id":"https:\/\/www.jenesuisquepriere.org\/#website","url":"https:\/\/www.jenesuisquepriere.org\/","name":"Et moi je ne suis que pri\u00e8re","description":"La puissance des T&eacute;hilim et histoires authentiques de miracles racont&eacute;es par des personnes qui les ont v&eacute;cus gr&acirc;ce &agrave; la lecture des Psaumes","potentialAction":[{"@type":"SearchAction","target":{"@type":"EntryPoint","urlTemplate":"https:\/\/www.jenesuisquepriere.org\/?s={search_term_string}"},"query-input":"required name=search_term_string"}],"inLanguage":"fr-FR"}]}},"_links":{"self":[{"href":"https:\/\/www.jenesuisquepriere.org\/index.php?rest_route=\/wp\/v2\/pages\/7","targetHints":{"allow":["GET"]}}],"collection":[{"href":"https:\/\/www.jenesuisquepriere.org\/index.php?rest_route=\/wp\/v2\/pages"}],"about":[{"href":"https:\/\/www.jenesuisquepriere.org\/index.php?rest_route=\/wp\/v2\/types\/page"}],"author":[{"embeddable":true,"href":"https:\/\/www.jenesuisquepriere.org\/index.php?rest_route=\/wp\/v2\/users\/1"}],"replies":[{"embeddable":true,"href":"https:\/\/www.jenesuisquepriere.org\/index.php?rest_route=%2Fwp%2Fv2%2Fcomments&post=7"}],"version-history":[{"count":59,"href":"https:\/\/www.jenesuisquepriere.org\/index.php?rest_route=\/wp\/v2\/pages\/7\/revisions"}],"predecessor-version":[{"id":88,"href":"https:\/\/www.jenesuisquepriere.org\/index.php?rest_route=\/wp\/v2\/pages\/7\/revisions\/88"}],"wp:featuredmedia":[{"embeddable":true,"href":"https:\/\/www.jenesuisquepriere.org\/index.php?rest_route=\/wp\/v2\/media\/62"}],"wp:attachment":[{"href":"https:\/\/www.jenesuisquepriere.org\/index.php?rest_route=%2Fwp%2Fv2%2Fmedia&parent=7"}],"curies":[{"name":"wp","href":"https:\/\/api.w.org\/{rel}","templated":true}]}}